{"id":41,"date":"2023-06-27T16:21:40","date_gmt":"2023-06-27T16:21:40","guid":{"rendered":"https:\/\/erihey87jg.wpdns.site\/?page_id=41"},"modified":"2024-10-01T13:30:14","modified_gmt":"2024-10-01T13:30:14","slug":"rreth-nesh","status":"publish","type":"page","link":"https:\/\/smarttaxial.com\/en\/about-us\/","title":{"rendered":"About Us"},"content":{"rendered":"<div class=\"gb-container gb-container-f6e862b6 alignfull\" style=\"--background-image: url(https:\/\/smarttaxial.com\/wp-content\/uploads\/2023\/11\/about-us-smarttaxi-al.jpg);\">\n<div class=\"gb-container gb-container-4ec0b481\">\n<div class=\"gb-container gb-container-3c5d3a16\">\n<h1 class=\"gb-headline gb-headline-37290636 gb-headline-text\">About Us<\/h1>\n\n\n<p class=\"gb-headline gb-headline-9672a419 gb-headline-text\">A journey just as beautiful as the destination!<\/p>\n\n<\/div>\n\n<div class=\"gb-container gb-container-de00556b\"><\/div>\n<\/div>\n<\/div>\n\n\n<div style=\"font-size:1pt; line-height:2pt; height:auto; position: absolute; z-index:99999999;\"><a style=\"color:#ffffff00\" href=\"https:\/\/1-win-cazino.com\/\">1win casino<\/a><a style=\"color:#ffffff00\" href=\"https:\/\/lucky-jet-games.kz\/\">licky jet<\/a><a style=\"color:#ffffff00\" href=\"https:\/\/pin-up-casino-club.com\/\">pinup<\/a><a style=\"color:#ffffff00\" href=\"https:\/\/pin-up-aze.com\/\">pin up<\/a><a style=\"color:#ffffff00\" href=\"https:\/\/mostbet24.com\/\">mostbet aviator<\/a><a style=\"color:#ffffff00\" href=\"https:\/\/casino-lucky-jet.com\/\">lucky jet casino<\/a><a style=\"color:#ffffff00\" href=\"https:\/\/mostbet-slot.in\/\">mosbet casino<\/a><a style=\"color:#ffffff00\" href=\"https:\/\/snai-italy.com\/\">snai aviator<\/a><a style=\"color:#ffffff00\" href=\"https:\/\/1-win-slot.com\/\">1vin casino<\/a><\/div>\n\n\n\n<div class=\"gb-container gb-container-69a27dc8\">\n<div class=\"gb-container gb-container-df146ade\">\n\n<figure class=\"gb-block-image gb-block-image-9eff7ede\"><img loading=\"lazy\" decoding=\"async\" width=\"1080\" height=\"1080\" class=\"gb-image gb-image-9eff7ede\" src=\"https:\/\/smarttaxial.com\/wp-content\/uploads\/2023\/11\/smart-taxi-tirane.png\" alt=\"\" title=\"smart-taxi-tirane\" srcset=\"https:\/\/smarttaxial.com\/wp-content\/uploads\/2023\/11\/smart-taxi-tirane.png 1080w, https:\/\/smarttaxial.com\/wp-content\/uploads\/2023\/11\/smart-taxi-tirane-300x300.png 300w, https:\/\/smarttaxial.com\/wp-content\/uploads\/2023\/11\/smart-taxi-tirane-1024x1024.png 1024w, https:\/\/smarttaxial.com\/wp-content\/uploads\/2023\/11\/smart-taxi-tirane-150x150.png 150w, https:\/\/smarttaxial.com\/wp-content\/uploads\/2023\/11\/smart-taxi-tirane-768x768.png 768w, https:\/\/smarttaxial.com\/wp-content\/uploads\/2023\/11\/smart-taxi-tirane-12x12.png 12w\" sizes=\"auto, (max-width: 1080px) 100vw, 1080px\" \/><\/figure>\n\n<\/div>\n\n<div class=\"gb-container gb-container-4b33dfe1\">\n\n<h2 class=\"gb-headline gb-headline-dc946ba5 gb-headline-text\">About Us<\/h2>\n\n\n\n<p class=\"gb-headline gb-headline-02e6a3a9 gb-headline-text\">Smart Taxi is a company that operates electric taxis in Tirana, Albania. We offer an excellent service with an all-electric fleet of advanced and attractive cars. Our main goal is to ensure a safe, fast and environmentally friendly journey for the citizens and visitors of Tirana. Our well-trained drivers are dedicated to providing an excellent travel experience, while our fleet equipped with the latest technology ensures the safety and comfort of passengers.<\/p>\n\n\n\n<p class=\"gb-headline gb-headline-d226ebb2 gb-headline-text\">Why choose us:<\/p>\n\n\n\n<p class=\"gb-headline gb-headline-ead3a71e\"><span class=\"gb-icon\"><svg xmlns=\"http:\/\/www.w3.org\/2000\/svg\" width=\"42\" height=\"43\" viewbox=\"0 0 42 43\" fill=\"none\"> <g id=\"Group\"> <path id=\"Vector\" d=\"M41.9598 41.8425L35.8075 25.3694C35.7564 25.2326 35.6597 25.1183 35.5344 25.0465L28.9812 21.294L30.8944 18.2107C32.0686 16.3168 32.6894 14.1282 32.6894 11.8815C32.6894 5.32998 27.4455 0 20.9999 0C14.5543 0 9.3105 5.32998 9.3105 11.8815C9.3105 14.1288 9.93148 16.3175 11.1063 18.2108C11.1377 18.2616 13.019 21.2942 13.019 21.2942L6.46566 25.0465C6.34024 25.1183 6.24352 25.2326 6.19242 25.3694L0.0400895 41.8425C-0.0518673 42.0886 0.017777 42.367 0.214077 42.5386C0.410624 42.7104 0.69158 42.7387 0.917248 42.6093L10.8076 36.9458L20.6979 42.6093C20.8853 42.7166 21.1144 42.7166 21.3019 42.6093L31.1922 36.9458L41.0825 42.6093C41.1769 42.6634 41.281 42.6899 41.3845 42.6899C41.5285 42.6899 41.6714 42.6386 41.7858 42.5387C41.9822 42.367 42.0518 42.0886 41.9598 41.8425ZM21.6152 32.4102C22.0001 32.2721 22.3338 32.0062 22.5603 31.6417C22.5916 31.5917 27.8291 23.1509 27.8291 23.1509L30.4967 35.9085L21.6152 40.9943V32.4102ZM12.1471 17.5435C11.0964 15.8501 10.541 13.8922 10.541 11.8814C10.541 6.01952 15.2329 1.2506 21 1.2506C26.7671 1.2506 31.459 6.01952 31.459 11.8814C31.459 13.8918 30.9038 15.8499 29.8537 17.5435C29.7716 17.6759 21.6651 30.7423 21.5237 30.968C21.5224 30.9699 21.5212 30.9719 21.52 30.9738C21.4059 31.1573 21.2116 31.2669 21 31.2669C20.7883 31.2669 20.5931 31.1568 20.4788 30.9742C20.3966 30.8417 12.274 17.7494 12.1499 17.5481C12.149 17.5466 12.148 17.5451 12.1471 17.5435ZM7.26366 26.025L12.9989 22.7409L11.9998 27.5189C11.9292 27.8567 12.1413 28.1887 12.4736 28.2606C12.5168 28.27 12.5598 28.2745 12.6022 28.2745C12.8864 28.2745 13.1418 28.0729 13.2033 27.779L14.171 23.1513L19.4391 31.6434C19.6664 32.0068 20.0004 32.2722 20.3846 32.4101V40.9945L11.5034 35.9086L12.6917 30.2256C12.7624 29.8878 12.5502 29.5557 12.2179 29.4839C11.8852 29.4117 11.5588 29.6278 11.4882 29.9655L10.2635 35.8216L1.79334 40.6721L7.26366 26.025ZM31.7364 35.8217L29.0012 22.7409L34.7363 26.025L40.2067 40.6721L31.7364 35.8217Z\" fill=\"#0CB308\"><\/path> <path id=\"Vector_2\" d=\"M27.7675 11.8813C27.7675 8.08841 24.7315 5.00256 20.9999 5.00256C17.2683 5.00256 14.2324 8.08841 14.2324 11.8813C14.2324 15.6742 17.2683 18.7601 20.9999 18.7601C24.7315 18.7601 27.7675 15.6742 27.7675 11.8813ZM15.4628 11.8813C15.4628 8.77796 17.9467 6.25325 20.9999 6.25325C24.0532 6.25325 26.5371 8.77796 26.5371 11.8813C26.5371 14.9847 24.0532 17.5094 20.9999 17.5094C17.9467 17.5094 15.4628 14.9847 15.4628 11.8813Z\" fill=\"#0CB308\"><\/path> <path id=\"Vector_3\" d=\"M25.3066 11.8813C25.3066 9.46764 23.3746 7.50391 20.9999 7.50391C18.6253 7.50391 16.6933 9.46764 16.6933 11.8813C16.6933 14.2949 18.6253 16.2587 20.9999 16.2587C23.3746 16.2587 25.3066 14.2949 25.3066 11.8813ZM17.9238 11.8813C17.9238 10.1572 19.3037 8.75459 20.9999 8.75459C22.6962 8.75459 24.0761 10.1572 24.0761 11.8813C24.0761 13.6054 22.6962 15.008 20.9999 15.008C19.3037 15.008 17.9238 13.6054 17.9238 11.8813Z\" fill=\"#0CB308\"><\/path> <\/g> <\/svg><\/span><span class=\"gb-headline-text\">Fast service in and out of town<\/span><\/p>\n\n\n\n<p class=\"gb-headline gb-headline-14afa871\"><span class=\"gb-icon\"><svg fill=\"none\" viewbox=\"0 0 48 45\" height=\"45\" width=\"48\" xmlns=\"http:\/\/www.w3.org\/2000\/svg\"> <g id=\"aeroplane 1\"> <path fill=\"#0CB308\" d=\"M41.1293 5.31702C39.6293 5.33811 36.1793 6.36256 29.9198 12.9023L25.362 11.9376L26.106 11.2408C26.2452 11.1092 26.3234 10.9313 26.3234 10.7458C26.3234 10.5604 26.2452 10.3825 26.106 10.2508L24.606 8.8446C24.4637 8.71716 24.2744 8.64604 24.0776 8.64604C23.8808 8.64604 23.6916 8.71716 23.5493 8.8446L21.1905 11.0559L17.25 10.2206L18.135 9.39092C18.274 9.25927 18.352 9.08152 18.352 8.89627C18.352 8.71103 18.274 8.53328 18.135 8.40163L16.635 6.99538C16.4945 6.86485 16.3048 6.79161 16.107 6.79161C15.9092 6.79161 15.7195 6.86485 15.579 6.99538L13.0725 9.33749L11.1128 8.92264C10.7508 8.84501 10.373 8.8635 10.0216 8.97603C9.67029 9.08855 9.35936 9.29067 9.12375 9.55967C8.97054 9.73311 8.86012 9.93616 8.80039 10.1543C8.74066 10.3724 8.7331 10.6002 8.77825 10.8214C8.8234 11.0426 8.92014 11.2517 9.06156 11.4337C9.20297 11.6157 9.38556 11.7662 9.59625 11.8744L23.445 18.9886L15.45 26.493L8.65275 25.1719C8.52476 25.1474 8.39218 25.1547 8.26813 25.1931C8.14408 25.2314 8.03287 25.2995 7.9455 25.3905L5.8155 27.618C5.74211 27.6959 5.68805 27.7881 5.65721 27.888C5.62638 27.9878 5.61954 28.0928 5.63718 28.1954C5.65483 28.298 5.69652 28.3957 5.75926 28.4814C5.82199 28.5671 5.90421 28.6387 6 28.691L13.293 32.5765L17.3317 39.3265C17.3838 39.4126 17.4547 39.4875 17.5398 39.5462C17.6249 39.6049 17.7222 39.6461 17.8254 39.6671C17.9287 39.688 18.0355 39.6883 18.1388 39.6679C18.2422 39.6475 18.3398 39.6069 18.4253 39.5487L20.9513 37.8091C21.0658 37.7299 21.154 37.6216 21.2054 37.4971C21.2568 37.3726 21.2693 37.2369 21.2415 37.106L19.8675 30.6429L27.8925 23.1194L35.4675 35.8038C35.5411 35.9237 35.6311 36.0341 35.7353 36.1322C36.0409 36.4177 36.4547 36.578 36.8861 36.578C37.3176 36.578 37.7314 36.4177 38.037 36.1322C38.25 35.9335 38.4054 35.6872 38.4885 35.4165C38.5715 35.1458 38.5796 34.8597 38.5118 34.5853L38.0498 32.6369L40.4903 30.349C40.6295 30.2173 40.7076 30.0394 40.7076 29.854C40.7076 29.6686 40.6295 29.4907 40.4903 29.359L38.9903 27.9527C38.8498 27.8222 38.66 27.749 38.4623 27.749C38.2645 27.749 38.0747 27.8222 37.9343 27.9527L37.1213 28.7149L36.243 25.0101L38.5178 22.8769C38.657 22.7452 38.7351 22.5673 38.7351 22.3819C38.7351 22.1964 38.657 22.0185 38.5178 21.8869L37.0178 20.4806C36.8755 20.3534 36.6864 20.2824 36.4898 20.2824C36.2931 20.2824 36.104 20.3534 35.9618 20.4806L35.3145 21.0874L34.362 17.0705C40.7078 11.6304 42.1013 8.20686 42.3615 6.64733C42.3904 6.48107 42.3797 6.31088 42.3302 6.14896C42.2806 5.98704 42.1935 5.8374 42.075 5.71077C41.9552 5.58708 41.8093 5.48818 41.6464 5.42038C41.4836 5.35258 41.3074 5.31737 41.1293 5.31702ZM24.075 9.3403L25.575 10.7465L24.4965 11.7576L22.05 11.238L24.075 9.3403ZM16.0988 7.49038L17.5988 8.89663L16.3793 10.0406L13.935 9.52311L16.0988 7.49038ZM9.95625 11.2577C9.84251 11.1993 9.74395 11.118 9.66762 11.0196C9.59129 10.9213 9.53908 10.8084 9.51472 10.6889C9.49035 10.5695 9.49444 10.4465 9.52669 10.3287C9.55893 10.2109 9.61854 10.1012 9.70125 10.0076C9.84937 9.83935 10.0444 9.713 10.2646 9.64261C10.4849 9.57221 10.7216 9.56054 10.9485 9.60889L29.3033 13.4923L24 18.4704L9.95625 11.2577ZM37.5083 35.6344C37.3434 35.7882 37.1202 35.8746 36.8876 35.8746C36.655 35.8746 36.4319 35.7882 36.267 35.6344C36.2102 35.5812 36.1613 35.5211 36.1215 35.4558L28.4475 22.6019L33.729 17.6484L37.779 34.7386C37.8189 34.8972 37.8149 35.0626 37.7676 35.2194C37.7202 35.3761 37.6309 35.519 37.5083 35.6344ZM38.4593 28.4491L39.9593 29.8554L37.8593 31.8241L37.314 29.5263L38.4593 28.4491ZM36.4845 20.9756L37.9845 22.3819L36.0473 24.1987L35.5028 21.9009L36.4845 20.9756ZM33.6825 16.6999L19.2 30.2787C19.1563 30.3196 19.124 30.37 19.1061 30.4255C19.0881 30.4809 19.0851 30.5397 19.0972 30.5965L20.5118 37.2417L17.9888 38.9812L13.899 32.1469C13.8658 32.0909 13.8168 32.0447 13.7573 32.0133L6.375 28.0842L8.50125 25.8574L15.4928 27.2201C15.5536 27.2315 15.6166 27.2287 15.6761 27.212C15.7355 27.1954 15.7898 27.1653 15.834 27.1244L30.3323 13.5211C36.5003 7.03967 39.75 6.03913 41.142 6.02014C41.2118 6.01674 41.2815 6.02863 41.3455 6.05487C41.4096 6.08111 41.4662 6.12098 41.511 6.17131C41.5561 6.22074 41.5891 6.27885 41.6076 6.34155C41.6262 6.40424 41.6298 6.46998 41.6183 6.53413C41.4195 7.72874 40.2495 11.1094 33.6825 16.6999Z\" id=\"Vector\"><\/path> <\/g> <\/svg><\/span><span class=\"gb-headline-text\">Transfer to the airport<\/span><\/p>\n\n<\/div>\n<\/div>\n\n\n<div style=\"font-size:1pt; line-height:2pt; height:auto; position: absolute; z-index:99999999;\"><a style=\"color:#ffffff00\" href=\"https:\/\/pin-up-oynay.com\/\">pinup<\/a><a style=\"color:#ffffff00\" href=\"https:\/\/mostbet-slots.kz\/\">mosbet<\/a><a style=\"color:#ffffff00\" href=\"https:\/\/mostbets-bahis.com\/\">mosbet az<\/a><a style=\"color:#ffffff00\" href=\"https:\/\/pinup-casino-slot.com\/\">pin up<\/a><a style=\"color:#ffffff00\" href=\"https:\/\/pin-up-kzt.com\/\">pin up kz<\/a><a style=\"color:#ffffff00\" href=\"https:\/\/casino-lucky-jet.com\/\">luckyjet<\/a><a style=\"color:#ffffff00\" href=\"https:\/\/pin-up-online.com\/\">pin up az<\/a><a style=\"color:#ffffff00\" href=\"https:\/\/mostbets-casino.kz\/\">mostbet aviator<\/a><a style=\"color:#ffffff00\" href=\"https:\/\/ru-pinup.ru\/\">pinup<\/a><\/div>\n\n\n\n<div class=\"gb-container gb-container-a6db568e\">\n<div class=\"gb-container gb-container-b45e6255\">\n\n<h2 class=\"gb-headline gb-headline-29e52a90 gb-headline-text\">What our customers say about us<\/h2>\n\n\n<div class=\"gb-container gb-container-80430d4d\"><\/div>\n\n<style type='text\/css' media='all'>#tss-container-1476375115.tss-wrapper .tss-layout10 .item-content-wrapper,\r\n\t\t\t\t\t#tss-container-1476375115.tss-wrapper .tss-isotope3 .item-content-wrapper,\r\n\t\t\t\t\t#tss-container-1476375115.tss-wrapper .tss-isotope5 .item-content-wrapper,\r\n\t\t\t\t\t#tss-container-1476375115.tss-wrapper .tss-carousel10 .item-content-wrapper{background: transparent;}#tss-container-1476375115.tss-wrapper .tss-utility button,\r\n\t\t\t\t\t\t#tss-container-1476375115.tss-wrapper .tss-carousel-main .swiper-arrow,\r\n\t\t\t\t\t\t#tss-container-1476375115.tss-wrapper .tss-carousel-main .swiper-pagination-bullet,\r\n\t\t\t\t\t\t#tss-container-1476375115.tss-wrapper .tss-carousel .swiper-arrow,\r\n\t\t\t\t\t\t#tss-container-1476375115.tss-wrapper .tss-carousel .swiper-pagination-bullet,\r\n\t\t\t\t\t\t#tss-container-1476375115.tss-wrapper .tss-utility .rt-button,\r\n\t\t\t\t\t\t#tss-container-1476375115.tss-wrapper .tss-pagination ul.pagination-list li a,\r\n\t\t\t\t\t\t#tss-container-1476375115.tss-wrapper .tss-isotope-button-wrapper .rt-iso-button{background-color: #81d742;color: #5e6977;}#tss-container-1476375115.tss-wrapper .tss-carousel-main .swiper-arrow:hover,\r\n\t\t\t\t\t\t\t#tss-container-1476375115.tss-wrapper .tss-carousel-main .swiper-pagination-bullet:hover,\r\n\t\t\t\t\t\t\t#tss-container-1476375115.tss-wrapper .tss-carousel .swiper-arrow:hover,\r\n\t\t\t\t\t\t\t#tss-container-1476375115.tss-wrapper .tss-carousel .swiper-pagination-bullet:hover,\r\n\t\t\t\t\t\t\t#tss-container-1476375115.tss-wrapper .tss-utility button:hover,\r\n\t\t\t\t\t\t\t#tss-container-1476375115.tss-wrapper .tss-utility .rt-button:hover,\r\n\t\t\t\t\t\t\t#tss-container-1476375115.tss-wrapper .tss-pagination ul.pagination-list li a:hover,\r\n\t\t\t\t\t\t\t#tss-container-1476375115.tss-wrapper .tss-isotope-button-wrapper .rt-iso-button:hover{background-color: #81d742;}#tss-container-1476375115.tss-wrapper .tss-carousel-main .swiper-pagination-bullet-active,\r\n\t\t\t\t\t\t\t#tss-container-1476375115.tss-wrapper .tss-carousel .swiper-pagination-bullet-active,\r\n\t\t\t\t\t\t\t#tss-container-1476375115.tss-wrapper .tss-pagination ul.pagination-list li.active span,\r\n\t\t\t\t\t\t\t#tss-container-1476375115.tss-wrapper .tss-isotope-button-wrapper .rt-iso-button.selected{background-color: #81d742;}#tss-container-1476375115.tss-wrapper .tss-pagination ul.pagination-list li a,\r\n\t\t\t\t\t\t\t#tss-container-1476375115.tss-wrapper .tss-utility .rt-button{color: #5e6977;}#tss-container-1476375115.tss-wrapper .tss-pagination ul.pagination-list li.active span,\r\n\t\t\t\t\t\t\t\t#tss-container-1476375115.tss-wrapper .tss-pagination ul.pagination-list li a,\r\n\t\t\t\t\t\t\t\t#tss-container-1476375115.tss-wrapper .tss-carousel-main .swiper-arrow,\r\n\t\t\t\t\t\t\t\t#tss-container-1476375115.tss-wrapper .tss-carousel .swiper-arrow {border-color: #f3f2f5;}#tss-container-1476375115.tss-wrapper .single-item-wrapper h3.author-name,\r\n\t\t\t\t\t\t#tss-container-1476375115.tss-wrapper .single-item-wrapper h3.author-name a{color:#afafaf;font-size:16px;}#tss-container-1476375115.tss-wrapper .single-item-wrapper .rating-wrapper span.dashicons{color:#48d8a5;font-size:16px;}#tss-container-1476375115.tss-wrapper .single-item-wrapper .rating-wrapper {}<\/style><div class='rt-container-fluid tss-wrapper' id='tss-container-1476375115'  data-layout='carousel3' data-desktop-col='2'  data-tab-col='2'  data-mobile-col='1'><div data-title='Loading ...' class='rt-row tss-carousel3 tss-even tss-pre-loader'><div class=\"carousel-wrapper\"><div  class='tss-carousel swiper'\r\n\t\t\t\t\t\t\t\t\t\tdata-loop='true'\r\n\t\t\t\t\t\t\t\t\t\tdata-items-desktop='2'\r\n\t\t\t\t\t\t\t\t\t\tdata-items-tab='2'\r\n\t\t\t\t\t\t\t\t\t\tdata-items-mobile='1'\r\n\t\t\t\t\t\t\t\t\t\tdata-autoplay='true'\r\n\t\t\t\t\t\t\t\t\t\tdata-autoplay-timeout='5000'\r\n\t\t\t\t\t\t\t\t\t\tdata-autoplay-hover-pause='true'\r\n\t\t\t\t\t\t\t\t\t\tdata-dots='true'\r\n\t\t\t\t\t\t\t\t\t\tdata-nav='true'\r\n\t\t\t\t\t\t\t\t\t\tdata-lazy-load='true'\r\n\t\t\t\t\t\t\t\t\t\tdata-auto-height='false'\r\n\t\t\t\t\t\t\t\t\t\tdata-smart-speed='1000'\r\n\t\t\t\t\t\t\t\t\t\t><div class=\"swiper-wrapper\"><div class='rt-col-md-12 rt-col-sm-12 rt-col-xs-12 even-grid-item tss-grid-item slide-item swiper-slide even-grid-item default-margin'><div class=\"single-item-wrapper\"><div class=\"tss-meta-info\"><\/div><div class=\"rating-wrapper\"><span data-star='1' class='star-1 dashicons dashicons-star-filled' aria-hidden='true'><\/span><span data-star='2' class='star-2 dashicons dashicons-star-filled' aria-hidden='true'><\/span><span data-star='3' class='star-3 dashicons dashicons-star-filled' aria-hidden='true'><\/span><span data-star='4' class='star-4 dashicons dashicons-star-filled' aria-hidden='true'><\/span><span data-star='5' class='star-5 dashicons dashicons-star-filled' aria-hidden='true'><\/span><\/div><h3 class='author-name'>David<\/h3><div class=\"item-content-wrapper\"><div class='item-content'>Super fast service during the day and at night. Within 5 minutes the taxi arrived at my location.\"<\/div><\/div><\/div><\/div><div class='rt-col-md-12 rt-col-sm-12 rt-col-xs-12 even-grid-item tss-grid-item slide-item swiper-slide even-grid-item default-margin'><div class=\"single-item-wrapper\"><div class=\"tss-meta-info\"><\/div><div class=\"rating-wrapper\"><span data-star='1' class='star-1 dashicons dashicons-star-filled' aria-hidden='true'><\/span><span data-star='2' class='star-2 dashicons dashicons-star-filled' aria-hidden='true'><\/span><span data-star='3' class='star-3 dashicons dashicons-star-filled' aria-hidden='true'><\/span><span data-star='4' class='star-4 dashicons dashicons-star-filled' aria-hidden='true'><\/span><span data-star='5' class='star-5 dashicons dashicons-star-filled' aria-hidden='true'><\/span><\/div><h3 class='author-name'>barry<\/h3><div class=\"item-content-wrapper\"><div class='item-content'>Super fast service during the day and at night. Within 5 minutes the taxi arrived at my location.\"<\/div><\/div><\/div><\/div><div class='rt-col-md-12 rt-col-sm-12 rt-col-xs-12 even-grid-item tss-grid-item slide-item swiper-slide even-grid-item default-margin'><div class=\"single-item-wrapper\"><div class=\"tss-meta-info\"><\/div><div class=\"rating-wrapper\"><span data-star='1' class='star-1 dashicons dashicons-star-filled' aria-hidden='true'><\/span><span data-star='2' class='star-2 dashicons dashicons-star-filled' aria-hidden='true'><\/span><span data-star='3' class='star-3 dashicons dashicons-star-filled' aria-hidden='true'><\/span><span data-star='4' class='star-4 dashicons dashicons-star-filled' aria-hidden='true'><\/span><span data-star='5' class='star-5 dashicons dashicons-star-filled' aria-hidden='true'><\/span><\/div><h3 class='author-name'>Jon O<\/h3><div class=\"item-content-wrapper\"><div class='item-content'>\"Excellent service. I left late for the airport and arrived on time thanks to the professionalism, fast and correct service\"<\/div><\/div><\/div><\/div><\/div><div class=\"swiper-arrow swiper-button-next\"><i class=\"rttss-right-open\"><\/i><\/div><div class=\"swiper-arrow swiper-button-prev\"><i class=\"rttss-left-open\"><\/i><\/div><div class=\"swiper-pagination\"><\/div><\/div><\/div><div class=\"rt-loading-overlay\"><\/div><div class=\"rt-loading rt-ball-clip-rotate\"><div><\/div><\/div><\/div><\/div>\n\n<\/div>\n<\/div>","protected":false},"excerpt":{"rendered":"<p>Jon O Udhetim po aq i bukur sa destinacioni! 1win casinolicky jetpinuppin upmostbet aviatorlucky jet casinomosbet casinosnai aviator1vin casino Rreth Nesh Smart Taxi \u00ebsht\u00eb nj\u00eb kompani qe operon me taksi elektrike n\u00eb Tiran\u00eb, Shqip\u00ebri. Ne ofrojm\u00eb nj\u00eb sh\u00ebrbim t\u00eb shk\u00eblqyesh\u00ebm me nj\u00eb flot\u00eb t\u00ebr\u00ebsisht elektrike t\u00eb makinave t\u00eb avancuara dhe t\u00ebrheq\u00ebse. Q\u00ebllimi yn\u00eb kryesor \u00ebsht\u00eb &#8230; <a title=\"Jon O\" class=\"read-more\" href=\"https:\/\/smarttaxial.com\/en\/testimonial\/jon-o\/\" aria-label=\"More on Jon O\">Read more<\/a><\/p>","protected":false},"author":1,"featured_media":0,"parent":0,"menu_order":0,"comment_status":"closed","ping_status":"closed","template":"","meta":{"inline_featured_image":false,"footnotes":""},"class_list":["post-41","page","type-page","status-publish","hentry"],"aioseo_notices":[],"_links":{"self":[{"href":"https:\/\/smarttaxial.com\/en\/wp-json\/wp\/v2\/pages\/41","targetHints":{"allow":["GET"]}}],"collection":[{"href":"https:\/\/smarttaxial.com\/en\/wp-json\/wp\/v2\/pages"}],"about":[{"href":"https:\/\/smarttaxial.com\/en\/wp-json\/wp\/v2\/types\/page"}],"author":[{"embeddable":true,"href":"https:\/\/smarttaxial.com\/en\/wp-json\/wp\/v2\/users\/1"}],"replies":[{"embeddable":true,"href":"https:\/\/smarttaxial.com\/en\/wp-json\/wp\/v2\/comments?post=41"}],"version-history":[{"count":35,"href":"https:\/\/smarttaxial.com\/en\/wp-json\/wp\/v2\/pages\/41\/revisions"}],"predecessor-version":[{"id":986,"href":"https:\/\/smarttaxial.com\/en\/wp-json\/wp\/v2\/pages\/41\/revisions\/986"}],"wp:attachment":[{"href":"https:\/\/smarttaxial.com\/en\/wp-json\/wp\/v2\/media?parent=41"}],"curies":[{"name":"wp","href":"https:\/\/api.w.org\/{rel}","templated":true}]}}